{"id":7,"date":"2022-09-08T20:57:48","date_gmt":"2022-09-08T18:57:48","guid":{"rendered":"http:\/\/moto.crazyfame.pl\/?page_id=7"},"modified":"2022-09-28T22:03:09","modified_gmt":"2022-09-28T20:03:09","slug":"7-2","status":"publish","type":"page","link":"https:\/\/moto.crazyfame.pl\/","title":{"rendered":"START"},"content":{"rendered":"<p>[et_pb_section fb_built=&#8221;1&#8243; admin_label=&#8221;Header&#8221; _builder_version=&#8221;4.17.0&#8243; _module_preset=&#8221;default&#8221; background_color=&#8221;#060717&#8243; background_image=&#8221;http:\/\/moto.crazyfame.pl\/wp-content\/uploads\/2022\/09\/Podcaster-37.png&#8221; background_size=&#8221;initial&#8221; background_position=&#8221;bottom_center&#8221; custom_padding=&#8221;||||false|false&#8221; collapsed=&#8221;off&#8221; global_colors_info=&#8221;{}&#8221;][et_pb_row column_structure=&#8221;1_2,1_2&#8243; _builder_version=&#8221;4.18.0&#8243; _module_preset=&#8221;default&#8221; background_video_mp4=&#8221;http:\/\/moto.crazyfame.pl\/wp-content\/uploads\/2022\/09\/Timeline-1.mp4&#8243; custom_padding=&#8221;||||false|false&#8221; background_last_edited=&#8221;on|phone&#8221; background_image_phone=&#8221;http:\/\/moto.crazyfame.pl\/wp-content\/uploads\/2022\/09\/tlotel-1.jpg&#8221; background_enable_image_phone=&#8221;on&#8221; background_enable_video_mp4_phone=&#8221;off&#8221; global_colors_info=&#8221;{}&#8221;][et_pb_column type=&#8221;1_2&#8243; _builder_version=&#8221;4.18.0&#8243; _module_preset=&#8221;default&#8221; background_color=&#8221;rgba(0,0,0,0.5)&#8221; custom_padding=&#8221;40px|40px|40px|40px|false|false&#8221; global_colors_info=&#8221;{}&#8221;][et_pb_text _builder_version=&#8221;4.18.0&#8243; _module_preset=&#8221;c16985e1-e0d6-4022-964d-e2bfc04fa633&#8243; text_text_color=&#8221;#7CDA24&#8243; header_font=&#8221;Sarabun|800|||||||&#8221; header_text_color=&#8221;#E09900&#8243; header_font_size=&#8221;72px&#8221; header_line_height=&#8221;1.2em&#8221; background_color=&#8221;rgba(12,113,195,0.2)&#8221; custom_margin=&#8221;0px||||false|false&#8221; custom_margin_tablet=&#8221;||||false|false&#8221; custom_margin_phone=&#8221;&#8221; custom_margin_last_edited=&#8221;on|phone&#8221; header_font_size_tablet=&#8221;40px&#8221; header_font_size_phone=&#8221;24px&#8221; header_font_size_last_edited=&#8221;on|phone&#8221; header_text_shadow_style=&#8221;preset5&#8243; locked=&#8221;off&#8221; global_colors_info=&#8221;{}&#8221;]<\/p>\n<h1 class=\"title-heading-left fusion-responsive-typography-calculated\" data-fontsize=\"60\" data-lineheight=\"84px\" style=\"text-align: center;\">Pasja<\/h1>\n<h1 class=\"title-heading-left fusion-responsive-typography-calculated\" data-fontsize=\"60\" data-lineheight=\"84px\" style=\"text-align: center;\">Pr\u0119dko\u015b\u0107<\/h1>\n<h1 class=\"title-heading-left fusion-responsive-typography-calculated\" data-fontsize=\"60\" data-lineheight=\"84px\" style=\"text-align: center;\">Zabawa!<\/h1>\n<p>[\/et_pb_text][et_pb_text _builder_version=&#8221;4.18.0&#8243; _module_preset=&#8221;518880c8-46c7-4ffa-b5a6-93ffa99dcc17&#8243; text_font=&#8221;Quattrocento Sans||||||||&#8221; text_text_color=&#8221;#FFFFFF&#8221; text_font_size=&#8221;18px&#8221; text_line_height=&#8221;1.6em&#8221; text_font_size_tablet=&#8221;16px&#8221; text_font_size_phone=&#8221;14px&#8221; text_font_size_last_edited=&#8221;on|phone&#8221; locked=&#8221;off&#8221; global_colors_info=&#8221;{}&#8221;]<\/p>\n<p><span>Lorem ipsum dolor sit amet, consectetur adipiscing elit. Donec ultrices, lorem sed iaculis volutpat, orci nisl varius dolor, a finibus diam risus sed libero. Sed gravida leo pulvinar lectus mattis, non interdum nulla facilisis. Pellentesque suscipit dui sed consequat sollicitudin.\u00a0<\/span><\/p>\n<p>[\/et_pb_text][\/et_pb_column][et_pb_column type=&#8221;1_2&#8243; _builder_version=&#8221;4.17.0&#8243; _module_preset=&#8221;default&#8221; background_enable_color=&#8221;off&#8221; overflow-x=&#8221;visible&#8221; overflow-y=&#8221;visible&#8221; custom_padding=&#8221;||1%||false|false&#8221; border_radii=&#8221;off|100px|100px|100px|&#8221; global_colors_info=&#8221;{}&#8221;][\/et_pb_column][\/et_pb_row][\/et_pb_section][et_pb_section fb_built=&#8221;1&#8243; admin_label=&#8221;Person&#8221; _builder_version=&#8221;4.17.0&#8243; _module_preset=&#8221;default&#8221; background_color=&#8221;#060717&#8243; locked=&#8221;off&#8221; collapsed=&#8221;on&#8221; global_colors_info=&#8221;{}&#8221;][et_pb_row column_structure=&#8221;3_5,2_5&#8243; _builder_version=&#8221;4.17.0&#8243; _module_preset=&#8221;default&#8221; custom_padding=&#8221;||0px||false|false&#8221; global_colors_info=&#8221;{}&#8221;][et_pb_column type=&#8221;3_5&#8243; _builder_version=&#8221;4.17.0&#8243; _module_preset=&#8221;default&#8221; custom_padding=&#8221;||30px||false|false&#8221; global_colors_info=&#8221;{}&#8221;][et_pb_text _builder_version=&#8221;4.18.0&#8243; _module_preset=&#8221;c16985e1-e0d6-4022-964d-e2bfc04fa633&#8243; text_text_color=&#8221;#7CDA24&#8243; header_font=&#8221;Sarabun|800|||||||&#8221; header_text_color=&#8221;#E09900&#8243; header_font_size=&#8221;51px&#8221; header_line_height=&#8221;1.2em&#8221; background_color=&#8221;rgba(12,113,195,0.2)&#8221; custom_margin=&#8221;0px||||false|false&#8221; custom_margin_tablet=&#8221;||||false|false&#8221; custom_margin_phone=&#8221;&#8221; custom_margin_last_edited=&#8221;on|phone&#8221; header_font_size_tablet=&#8221;40px&#8221; header_font_size_phone=&#8221;24px&#8221; header_font_size_last_edited=&#8221;on|phone&#8221; header_text_shadow_style=&#8221;preset5&#8243; locked=&#8221;off&#8221; global_colors_info=&#8221;{}&#8221;]<\/p>\n<h1 class=\"title-heading-left fusion-responsive-typography-calculated\" data-fontsize=\"60\" data-lineheight=\"84px\" style=\"text-align: center;\">Pasja Pr\u0119dko\u015b\u0107 Zabawa!<\/h1>\n<p>[\/et_pb_text][et_pb_text _builder_version=&#8221;4.18.0&#8243; _module_preset=&#8221;518880c8-46c7-4ffa-b5a6-93ffa99dcc17&#8243; text_font=&#8221;Quattrocento Sans||||||||&#8221; text_text_color=&#8221;#FFFFFF&#8221; text_font_size=&#8221;18px&#8221; text_line_height=&#8221;1.6em&#8221; custom_margin=&#8221;||||false|false&#8221; custom_margin_tablet=&#8221;||||false|false&#8221; custom_margin_phone=&#8221;||||false|false&#8221; custom_margin_last_edited=&#8221;on|phone&#8221; text_font_size_tablet=&#8221;16px&#8221; text_font_size_phone=&#8221;14px&#8221; text_font_size_last_edited=&#8221;on|phone&#8221; global_colors_info=&#8221;{}&#8221;]<\/p>\n<p>Lorem ipsum dolor sit amet, consectetur adipiscing elit. Donec ultrices, lorem sed iaculis volutpat, orci nisl varius dolor, a finibus diam risus sed libero. Sed gravida leo pulvinar lectus mattis, non interdum nulla facilisis. Pellentesque suscipit dui sed consequat sollicitudin. Phasellus a rhoncus odio. Ut ipsum magna, rutrum quis malesuada id, fringilla quis est. Class aptent taciti sociosqu ad litora torquent per conubia nostra, per inceptos himenaeos. Cras pharetra augue ac odio lacinia rhoncus. Fusce imperdiet tincidunt tellus, sit amet iaculis ipsum pharetra eu.<\/p>\n<p>Integer eu blandit quam. Praesent ac mauris ligula. Suspendisse imperdiet ex vitae congue porttitor. Nulla quis augue tortor. Morbi imperdiet, turpis sit amet tempus elementum, libero dolor vehicula sem, eget dignissim nisi massa id quam. Ut sed dui ac sapien consectetur sodales. Nunc finibus massa turpis.<\/p>\n<p>Suspendisse sem turpis, ultricies eget dolor id, scelerisque mollis dolor. Fusce interdum metus in elit elementum, sed commodo lorem viverra. Aliquam et tellus justo. Mauris dapibus sem ut diam ornare, vel tempor nisl lobortis. Praesent pulvinar mollis tincidunt. Lorem ipsum dolor sit amet, consectetur adipiscing elit. Curabitur mauris orci, sodales a quam vitae, eleifend vulputate arcu. Donec ornare nibh vitae sem viverra euismod. Maecenas nibh eros, ultrices non bibendum ac, fermentum et leo. Nulla pharetra neque ac metus accumsan, a cursus neque fringilla. Proin sit amet urna non lorem interdum convallis quis eu nisl. Suspendisse potenti. Sed aliquet est eu ultrices iaculis. Curabitur a sem aliquam, eleifend elit ac, egestas neque.<\/p>\n<p>[\/et_pb_text][\/et_pb_column][et_pb_column type=&#8221;2_5&#8243; _builder_version=&#8221;4.17.0&#8243; _module_preset=&#8221;default&#8221; background_enable_color=&#8221;off&#8221; use_background_color_gradient=&#8221;on&#8221; background_color_gradient_stops=&#8221;rgba(140,94,249,0) 60%|rgba(140,94,249,0.5) 100%&#8221; position_origin_a_tablet=&#8221;bottom_right&#8221; position_origin_a_phone=&#8221;bottom_right&#8221; position_origin_a_last_edited=&#8221;off|desktop&#8221; position_origin_f_last_edited=&#8221;off|desktop&#8221; position_origin_r_last_edited=&#8221;off|desktop&#8221; custom_padding=&#8221;||50px||false|false&#8221; positioning_tablet=&#8221;none&#8221; positioning_phone=&#8221;none&#8221; positioning_last_edited=&#8221;off|desktop&#8221; border_radii=&#8221;on|200px|200px|200px|200px&#8221; global_colors_info=&#8221;{}&#8221;][et_pb_image src=&#8221;http:\/\/moto.crazyfame.pl\/wp-content\/uploads\/2022\/09\/IMG_041665-scaled.jpg&#8221; title_text=&#8221;IMG_041665&#8243; align_tablet=&#8221;center&#8221; align_phone=&#8221;center&#8221; align_last_edited=&#8221;off|desktop&#8221; _builder_version=&#8221;4.18.0&#8243; _module_preset=&#8221;default&#8221; max_height_tablet=&#8221;400px&#8221; max_height_phone=&#8221;400px&#8221; max_height_last_edited=&#8221;off|desktop&#8221; custom_margin=&#8221;||||false|false&#8221; custom_padding=&#8221;||||false|false&#8221; border_radii=&#8221;on|200px|200px|200px|200px&#8221; locked=&#8221;off&#8221; global_colors_info=&#8221;{}&#8221;][\/et_pb_image][et_pb_text _builder_version=&#8221;4.18.0&#8243; _module_preset=&#8221;e6504a1b-67eb-4b3d-b023-bcab277610b6&#8243; header_4_font=&#8221;Sarabun|700||on|||||&#8221; header_4_text_align=&#8221;center&#8221; header_4_text_color=&#8221;#FFFFFF&#8221; header_4_font_size=&#8221;14px&#8221; custom_margin=&#8221;||||false|false&#8221; custom_margin_tablet=&#8221;||0px||false|false&#8221; custom_margin_last_edited=&#8221;off|desktop&#8221; header_4_font_size_tablet=&#8221;&#8221; header_4_font_size_phone=&#8221;12px&#8221; header_4_font_size_last_edited=&#8221;on|phone&#8221; locked=&#8221;off&#8221; global_colors_info=&#8221;{}&#8221; custom_margin__hover_enabled=&#8221;off|desktop&#8221;]<\/p>\n<h4>Pasja pr\u0119dko\u015b\u0107 zabawa<\/h4>\n<p>[\/et_pb_text][\/et_pb_column][\/et_pb_row][et_pb_row column_structure=&#8221;1_2,1_2&#8243; _builder_version=&#8221;4.18.0&#8243; _module_preset=&#8221;default&#8221; global_colors_info=&#8221;{}&#8221;][et_pb_column type=&#8221;1_2&#8243; _builder_version=&#8221;4.18.0&#8243; _module_preset=&#8221;default&#8221; global_colors_info=&#8221;{}&#8221;][et_pb_button button_text=&#8221;link do oferty&#8221; button_alignment=&#8221;center&#8221; _builder_version=&#8221;4.18.0&#8243; _module_preset=&#8221;f489fdc3-bf1e-40c7-852b-c42851d4acb9&#8243; custom_button=&#8221;on&#8221; button_text_size=&#8221;14px&#8221; button_text_color=&#8221;#E09900&#8243; button_bg_use_color_gradient=&#8221;on&#8221; button_bg_color_gradient_stops=&#8221;#e09900 0%|rgba(224,153,0,0) 100%&#8221; button_border_width=&#8221;2px&#8221; button_border_radius=&#8221;50px&#8221; button_letter_spacing=&#8221;2px&#8221; button_font=&#8221;Sarabun|700||on|||||&#8221; button_use_icon=&#8221;off&#8221; custom_padding=&#8221;20px|50px|20px|50px|true|true&#8221; button_text_size_phone=&#8221;12px&#8221; button_text_size_last_edited=&#8221;off|phone&#8221; global_colors_info=&#8221;{}&#8221;][\/et_pb_button][\/et_pb_column][et_pb_column type=&#8221;1_2&#8243; _builder_version=&#8221;4.18.0&#8243; _module_preset=&#8221;default&#8221; global_colors_info=&#8221;{}&#8221;][\/et_pb_column][\/et_pb_row][\/et_pb_section][et_pb_section fb_built=&#8221;1&#8243; admin_label=&#8221;Subscribe&#8221; _builder_version=&#8221;4.18.0&#8243; _module_preset=&#8221;default&#8221; background_enable_color=&#8221;off&#8221; background_image=&#8221;http:\/\/moto.crazyfame.pl\/wp-content\/uploads\/2022\/09\/IMG_026829-scaled.jpg&#8221; parallax=&#8221;on&#8221; saved_tabs=&#8221;all&#8221; collapsed=&#8221;on&#8221; global_colors_info=&#8221;{}&#8221;][et_pb_row _builder_version=&#8221;4.18.0&#8243; _module_preset=&#8221;default&#8221; global_colors_info=&#8221;{}&#8221;][et_pb_column type=&#8221;4_4&#8243; _builder_version=&#8221;4.18.0&#8243; _module_preset=&#8221;default&#8221; background_color=&#8221;rgba(0,0,0,0.8)&#8221; global_colors_info=&#8221;{}&#8221;][et_pb_text _builder_version=&#8221;4.18.0&#8243; _module_preset=&#8221;c16985e1-e0d6-4022-964d-e2bfc04fa633&#8243; text_text_color=&#8221;#7CDA24&#8243; text_font_size=&#8221;11px&#8221; header_font=&#8221;Sarabun|800|||||||&#8221; header_text_color=&#8221;#E09900&#8243; header_font_size=&#8221;29px&#8221; header_line_height=&#8221;1.2em&#8221; background_color=&#8221;rgba(12,113,195,0.2)&#8221; custom_margin=&#8221;0px||||false|false&#8221; custom_margin_tablet=&#8221;||||false|false&#8221; custom_margin_phone=&#8221;&#8221; custom_margin_last_edited=&#8221;on|phone&#8221; header_font_size_tablet=&#8221;40px&#8221; header_font_size_phone=&#8221;24px&#8221; header_font_size_last_edited=&#8221;on|phone&#8221; header_text_shadow_style=&#8221;preset5&#8243; locked=&#8221;off&#8221; global_colors_info=&#8221;{}&#8221;]<\/p>\n<h1 class=\"title-heading-left fusion-responsive-typography-calculated\" data-fontsize=\"60\" data-lineheight=\"84px\" style=\"text-align: center;\">przyk\u0142adowy tekst<\/h1>\n<h1 class=\"title-heading-left fusion-responsive-typography-calculated\" data-fontsize=\"60\" data-lineheight=\"84px\" style=\"text-align: center;\">na przesuwaj\u0105cym si\u0119 zdj\u0119ciu<\/h1>\n<p>[\/et_pb_text][\/et_pb_column][\/et_pb_row][\/et_pb_section][et_pb_section fb_built=&#8221;1&#8243; admin_label=&#8221;Subscribe&#8221; _builder_version=&#8221;4.17.0&#8243; _module_preset=&#8221;default&#8221; background_color=&#8221;#060717&#8243; saved_tabs=&#8221;all&#8221; collapsed=&#8221;on&#8221; global_colors_info=&#8221;{}&#8221;][et_pb_row column_structure=&#8221;1_2,1_2&#8243; _builder_version=&#8221;4.18.0&#8243; _module_preset=&#8221;default&#8221; global_colors_info=&#8221;{}&#8221;][et_pb_column type=&#8221;1_2&#8243; _builder_version=&#8221;4.18.0&#8243; _module_preset=&#8221;default&#8221; global_colors_info=&#8221;{}&#8221;][et_pb_text _builder_version=&#8221;4.18.0&#8243; _module_preset=&#8221;c16985e1-e0d6-4022-964d-e2bfc04fa633&#8243; text_text_color=&#8221;#7CDA24&#8243; text_font_size=&#8221;11px&#8221; header_font=&#8221;Sarabun|800|||||||&#8221; header_text_color=&#8221;#E09900&#8243; header_font_size=&#8221;29px&#8221; header_line_height=&#8221;1.2em&#8221; background_color=&#8221;rgba(12,113,195,0.2)&#8221; custom_margin=&#8221;0px||||false|false&#8221; custom_margin_tablet=&#8221;||||false|false&#8221; custom_margin_phone=&#8221;&#8221; custom_margin_last_edited=&#8221;on|phone&#8221; header_font_size_tablet=&#8221;40px&#8221; header_font_size_phone=&#8221;24px&#8221; header_font_size_last_edited=&#8221;on|phone&#8221; header_text_shadow_style=&#8221;preset5&#8243; locked=&#8221;off&#8221; global_colors_info=&#8221;{}&#8221;]<\/p>\n<h1 class=\"title-heading-left fusion-responsive-typography-calculated\" data-fontsize=\"60\" data-lineheight=\"84px\" style=\"text-align: center;\">Przyk\u0142adowa oferta naszego sklepu:<\/h1>\n<p>[\/et_pb_text][\/et_pb_column][et_pb_column type=&#8221;1_2&#8243; _builder_version=&#8221;4.18.0&#8243; _module_preset=&#8221;default&#8221; global_colors_info=&#8221;{}&#8221;][\/et_pb_column][\/et_pb_row][et_pb_row _builder_version=&#8221;4.18.0&#8243; _module_preset=&#8221;default&#8221; hover_enabled=&#8221;0&#8243; global_colors_info=&#8221;{}&#8221; sticky_enabled=&#8221;0&#8243;][et_pb_column type=&#8221;4_4&#8243; _builder_version=&#8221;4.18.0&#8243; _module_preset=&#8221;default&#8221; global_colors_info=&#8221;{}&#8221;][et_pb_shop show_sale_badge=&#8221;off&#8221; _builder_version=&#8221;4.18.0&#8243; _module_preset=&#8221;default&#8221; title_text_color=&#8221;#E09900&#8243; hover_enabled=&#8221;0&#8243; title_text_color_tablet=&#8221;#E09900&#8243; title_text_color_phone=&#8221;#E09900&#8243; title_text_color_last_edited=&#8221;on|desktop&#8221; global_colors_info=&#8221;{}&#8221; sticky_enabled=&#8221;0&#8243;][\/et_pb_shop][\/et_pb_column][\/et_pb_row][\/et_pb_section]<\/p>\n","protected":false},"excerpt":{"rendered":"<p>Pasja Pr\u0119dko\u015b\u0107 Zabawa!Lorem ipsum dolor sit amet, consectetur adipiscing elit. Donec ultrices, lorem sed iaculis volutpat, orci nisl varius dolor, a finibus diam risus sed libero. Sed gravida leo pulvinar lectus mattis, non interdum nulla facilisis. Pellentesque suscipit dui sed consequat sollicitudin.\u00a0Pasja Pr\u0119dko\u015b\u0107 Zabawa!Lorem ipsum dolor sit amet, consectetur adipiscing elit. Donec ultrices, lorem sed [&hellip;]<\/p>\n","protected":false},"author":1,"featured_media":0,"parent":0,"menu_order":0,"comment_status":"closed","ping_status":"closed","template":"","meta":{"_et_pb_use_builder":"on","_et_pb_old_content":"","_et_gb_content_width":"","footnotes":""},"class_list":["post-7","page","type-page","status-publish","hentry"],"_links":{"self":[{"href":"https:\/\/moto.crazyfame.pl\/index.php\/wp-json\/wp\/v2\/pages\/7","targetHints":{"allow":["GET"]}}],"collection":[{"href":"https:\/\/moto.crazyfame.pl\/index.php\/wp-json\/wp\/v2\/pages"}],"about":[{"href":"https:\/\/moto.crazyfame.pl\/index.php\/wp-json\/wp\/v2\/types\/page"}],"author":[{"embeddable":true,"href":"https:\/\/moto.crazyfame.pl\/index.php\/wp-json\/wp\/v2\/users\/1"}],"replies":[{"embeddable":true,"href":"https:\/\/moto.crazyfame.pl\/index.php\/wp-json\/wp\/v2\/comments?post=7"}],"version-history":[{"count":39,"href":"https:\/\/moto.crazyfame.pl\/index.php\/wp-json\/wp\/v2\/pages\/7\/revisions"}],"predecessor-version":[{"id":499,"href":"https:\/\/moto.crazyfame.pl\/index.php\/wp-json\/wp\/v2\/pages\/7\/revisions\/499"}],"wp:attachment":[{"href":"https:\/\/moto.crazyfame.pl\/index.php\/wp-json\/wp\/v2\/media?parent=7"}],"curies":[{"name":"wp","href":"https:\/\/api.w.org\/{rel}","templated":true}]}}